{"id":12122,"date":"2025-12-22T09:36:57","date_gmt":"2025-12-22T09:36:57","guid":{"rendered":"https:\/\/careerhub.hse.ie\/?page_id=12122"},"modified":"2025-12-22T09:36:57","modified_gmt":"2025-12-22T09:36:57","slug":"contact-us-ga","status":"publish","type":"page","link":"https:\/\/careerhub.hse.ie\/ga\/contact-us-ga\/","title":{"rendered":"Contact Us GA"},"content":{"rendered":"<script>\nvar gform;gform||(document.addEventListener(\"gform_main_scripts_loaded\",function(){gform.scriptsLoaded=!0}),document.addEventListener(\"gform\/theme\/scripts_loaded\",function(){gform.themeScriptsLoaded=!0}),window.addEventListener(\"DOMContentLoaded\",function(){gform.domLoaded=!0}),gform={domLoaded:!1,scriptsLoaded:!1,themeScriptsLoaded:!1,isFormEditor:()=>\"function\"==typeof InitializeEditor,callIfLoaded:function(o){return!(!gform.domLoaded||!gform.scriptsLoaded||!gform.themeScriptsLoaded&&!gform.isFormEditor()||(gform.isFormEditor()&&console.warn(\"The use of gform.initializeOnLoaded() is deprecated in the form editor context and will be removed in Gravity Forms 3.1.\"),o(),0))},initializeOnLoaded:function(o){gform.callIfLoaded(o)||(document.addEventListener(\"gform_main_scripts_loaded\",()=>{gform.scriptsLoaded=!0,gform.callIfLoaded(o)}),document.addEventListener(\"gform\/theme\/scripts_loaded\",()=>{gform.themeScriptsLoaded=!0,gform.callIfLoaded(o)}),window.addEventListener(\"DOMContentLoaded\",()=>{gform.domLoaded=!0,gform.callIfLoaded(o)}))},hooks:{action:{},filter:{}},addAction:function(o,r,e,t){gform.addHook(\"action\",o,r,e,t)},addFilter:function(o,r,e,t){gform.addHook(\"filter\",o,r,e,t)},doAction:function(o){gform.doHook(\"action\",o,arguments)},applyFilters:function(o){return gform.doHook(\"filter\",o,arguments)},removeAction:function(o,r){gform.removeHook(\"action\",o,r)},removeFilter:function(o,r,e){gform.removeHook(\"filter\",o,r,e)},addHook:function(o,r,e,t,n){null==gform.hooks[o][r]&&(gform.hooks[o][r]=[]);var d=gform.hooks[o][r];null==n&&(n=r+\"_\"+d.length),gform.hooks[o][r].push({tag:n,callable:e,priority:t=null==t?10:t})},doHook:function(r,o,e){var t;if(e=Array.prototype.slice.call(e,1),null!=gform.hooks[r][o]&&((o=gform.hooks[r][o]).sort(function(o,r){return o.priority-r.priority}),o.forEach(function(o){\"function\"!=typeof(t=o.callable)&&(t=window[t]),\"action\"==r?t.apply(null,e):e[0]=t.apply(null,e)})),\"filter\"==r)return e[0]},removeHook:function(o,r,t,n){var e;null!=gform.hooks[o][r]&&(e=(e=gform.hooks[o][r]).filter(function(o,r,e){return!!(null!=n&&n!=o.tag||null!=t&&t!=o.priority)}),gform.hooks[o][r]=e)}});\n<\/script>\n\n                <div class='gf_browser_gecko gform_wrapper gravity-theme gform-theme--no-framework' data-form-theme='gravity-theme' data-form-index='0' id='gform_wrapper_1' >\n                        <div class='gform_heading'>\n                            <h2 class=\"gform_title\">D\u00e9an teagmh\u00e1il linn<\/h2>\n                            <p class='gform_description'><\/p>\n                        <\/div><form method='post' enctype='multipart\/form-data'  id='gform_1'  action='\/ga\/wp-json\/wp\/v2\/pages\/12122' data-formid='1' novalidate> \r\n <input type='hidden' class='gforms-pum' value='{\"closepopup\":false,\"closedelay\":0,\"openpopup\":false,\"openpopup_id\":0}' \/>\n                        <div class='gform-body gform_body'><div id='gform_fields_1' class='gform_fields top_label form_sublabel_above description_above validation_below'><fieldset id=\"field_1_1\" class=\"gfield gfield--type-name gfield_contains_required field_sublabel_above gfield--no-description field_description_above field_validation_below gfield_visibility_visible\"  ><legend class='gfield_label gform-field-label gfield_label_before_complex' >Ainm<span class=\"gfield_required\"><span class=\"gfield_required gfield_required_text\">(Required)<\/span><\/span><\/legend><div class='ginput_complex ginput_container ginput_container--name no_prefix has_first_name no_middle_name has_last_name no_suffix gf_name_has_2 ginput_container_name gform-grid-row' id='input_1_1'>\n                            \n                            <span id='input_1_1_3_container' class='name_first gform-grid-col gform-grid-col--size-auto' >\n                                                    <label for='input_1_1_3' class='gform-field-label gform-field-label--type-sub '>First<\/label>\n                                                    <input type='text' name='input_1.3' id='input_1_1_3' value=''   aria-required='true'    autocomplete=\"given-name\" \/>\n                                                <\/span>\n                            \n                            <span id='input_1_1_6_container' class='name_last gform-grid-col gform-grid-col--size-auto' >\n                                                            <label for='input_1_1_6' class='gform-field-label gform-field-label--type-sub '>Last<\/label>\n                                                            <input type='text' name='input_1.6' id='input_1_1_6' value=''   aria-required='true'    autocomplete=\"family-name\" \/>\n                                                        <\/span>\n                            \n                        <\/div><\/fieldset><fieldset id=\"field_1_2\" class=\"gfield gfield--type-email gfield_contains_required field_sublabel_above gfield--has-description field_description_above field_validation_below gfield_visibility_visible\"  ><legend class='gfield_label gform-field-label gfield_label_before_complex' >R\u00edomhphost<span class=\"gfield_required\"><span class=\"gfield_required gfield_required_text\">(Required)<\/span><\/span><\/legend><div class='gfield_description' id='gfield_description_1_2'>\u00das\u00e1id an seoladh r\u00edomhphoist ar chl\u00e1raigh t\u00fa leis.<\/div><div class='ginput_complex ginput_container ginput_container_email gform-grid-row' id='input_1_2_container'>\n                                <span id='input_1_2_1_container' class='ginput_left gform-grid-col gform-grid-col--size-auto'>\n                                    <label for='input_1_2' class='gform-field-label gform-field-label--type-sub '>Enter Email<\/label>\n                                    <input class='' type='email' name='input_2' id='input_1_2' value=''    aria-required=\"true\" aria-invalid=\"false\" aria-describedby=\"gfield_description_1_2\" autocomplete=\"email\"\/>\n                                <\/span>\n                                <span id='input_1_2_2_container' class='ginput_right gform-grid-col gform-grid-col--size-auto'>\n                                    <label for='input_1_2_2' class='gform-field-label gform-field-label--type-sub '>Confirm Email<\/label>\n                                    <input class='' type='email' name='input_2_2' id='input_1_2_2' value=''    aria-required=\"true\" aria-invalid=\"false\" aria-describedby=\"gfield_description_1_2\" autocomplete=\"email\"\/>\n                                <\/span>\n                                <div class='gf_clear gf_clear_complex'><\/div>\n                            <\/div><\/fieldset><div id=\"field_1_4\" class=\"gfield gfield--type-select gfield--width-full gfield_contains_required field_sublabel_above gfield--no-description field_description_above field_validation_below gfield_visibility_visible\"  ><label class='gfield_label gform-field-label' for='input_1_4'>An f\u00e1th a ndearna t\u00fa teagmh\u00e1il linn<span class=\"gfield_required\"><span class=\"gfield_required gfield_required_text\">(Required)<\/span><\/span><\/label><div class='ginput_container ginput_container_select'><select name='input_4' id='input_1_4' class='large gfield_select'    aria-required=\"true\" aria-invalid=\"false\" ><option value='' selected='selected' class='gf_placeholder'>Roghnaigh rogha amh\u00e1in<\/option><option value='N\u00ed bhfuair m\u00e9 r\u00edomhphost gn\u00edomhachtaithe' >N\u00ed bhfuair m\u00e9 r\u00edomhphost gn\u00edomhachtaithe<\/option><option value='N\u00ed bhfuair m\u00e9 an r\u00edomhphost an tseachtain seo' >N\u00ed bhfuair m\u00e9 an r\u00edomhphost an tseachtain seo<\/option><option value='Fuair m\u00e9 r\u00edomhphost ach n\u00ed raibh meaits ar bith ann' >Fuair m\u00e9 r\u00edomhphost ach n\u00ed raibh meaits ar bith ann<\/option><option value='Eile' >Eile<\/option><\/select><\/div><\/div><fieldset id=\"field_1_5\" class=\"gfield gfield--type-radio gfield--type-choice gfield--width-full gfield_contains_required field_sublabel_above gfield--has-description field_description_above field_validation_below gfield_visibility_visible\"  ><legend class='gfield_label gform-field-label' >An raibh f\u00f3n p\u00f3ca n\u00f3 r\u00edomhaire gl\u00faine\/deisce in \u00fas\u00e1id agat?<span class=\"gfield_required\"><span class=\"gfield_required gfield_required_text\">(Required)<\/span><\/span><\/legend><div class='gfield_description' id='gfield_description_1_5'>L\u00e9irigh an gl\u00e9as a bh\u00ed in \u00fas\u00e1id agat nuair a bh\u00ed an deacracht agat.<\/div><div class='ginput_container ginput_container_radio'><div class='gfield_radio' id='input_1_5'>\n\t\t\t<div class='gchoice gchoice_1_5_0'>\n\t\t\t\t\t<input class='gfield-choice-input' name='input_5' type='radio' value='F\u00f3n p\u00f3ca'  id='choice_1_5_0' onchange='gformToggleRadioOther( this )' aria-describedby=\"gfield_description_1_5\"   \/>\n\t\t\t\t\t<label for='choice_1_5_0' id='label_1_5_0' class='gform-field-label gform-field-label--type-inline'>F\u00f3n p\u00f3ca<\/label>\n\t\t\t<\/div>\n\t\t\t<div class='gchoice gchoice_1_5_1'>\n\t\t\t\t\t<input class='gfield-choice-input' name='input_5' type='radio' value='R\u00edomhaire Gl\u00faine\/Deisce'  id='choice_1_5_1' onchange='gformToggleRadioOther( this )'    \/>\n\t\t\t\t\t<label for='choice_1_5_1' id='label_1_5_1' class='gform-field-label gform-field-label--type-inline'>R\u00edomhaire Gl\u00faine\/Deisce<\/label>\n\t\t\t<\/div><\/div><\/div><\/fieldset><fieldset id=\"field_1_6\" class=\"gfield gfield--type-radio gfield--type-choice gfield--width-full gfield_contains_required field_sublabel_above gfield--has-description field_description_above field_validation_below gfield_visibility_visible\"  ><legend class='gfield_label gform-field-label' >C\u00e9n brabhs\u00e1la\u00ed a bh\u00ed in \u00fas\u00e1id agat?<span class=\"gfield_required\"><span class=\"gfield_required gfield_required_text\">(Required)<\/span><\/span><\/legend><div class='gfield_description' id='gfield_description_1_6'>L\u00e9irigh an brabhs\u00e1la\u00ed a bh\u00ed in \u00fas\u00e1id agat nuair a bh\u00ed an deacracht agat.<\/div><div class='ginput_container ginput_container_radio'><div class='gfield_radio' id='input_1_6'>\n\t\t\t<div class='gchoice gchoice_1_6_0'>\n\t\t\t\t\t<input class='gfield-choice-input' name='input_6' type='radio' value='Google Chrome'  id='choice_1_6_0' onchange='gformToggleRadioOther( this )' aria-describedby=\"gfield_description_1_6\"   \/>\n\t\t\t\t\t<label for='choice_1_6_0' id='label_1_6_0' class='gform-field-label gform-field-label--type-inline'>Google Chrome<\/label>\n\t\t\t<\/div>\n\t\t\t<div class='gchoice gchoice_1_6_1'>\n\t\t\t\t\t<input class='gfield-choice-input' name='input_6' type='radio' value='Firefox'  id='choice_1_6_1' onchange='gformToggleRadioOther( this )'    \/>\n\t\t\t\t\t<label for='choice_1_6_1' id='label_1_6_1' class='gform-field-label gform-field-label--type-inline'>Firefox<\/label>\n\t\t\t<\/div>\n\t\t\t<div class='gchoice gchoice_1_6_2'>\n\t\t\t\t\t<input class='gfield-choice-input' name='input_6' type='radio' value='Microsoft Edge'  id='choice_1_6_2' onchange='gformToggleRadioOther( this )'    \/>\n\t\t\t\t\t<label for='choice_1_6_2' id='label_1_6_2' class='gform-field-label gform-field-label--type-inline'>Microsoft Edge<\/label>\n\t\t\t<\/div>\n\t\t\t<div class='gchoice gchoice_1_6_3'>\n\t\t\t\t\t<input class='gfield-choice-input' name='input_6' type='radio' value='Apple Safari'  id='choice_1_6_3' onchange='gformToggleRadioOther( this )'    \/>\n\t\t\t\t\t<label for='choice_1_6_3' id='label_1_6_3' class='gform-field-label gform-field-label--type-inline'>Apple Safari<\/label>\n\t\t\t<\/div><\/div><\/div><\/fieldset><div id=\"field_1_3\" class=\"gfield gfield--type-textarea gfield_contains_required field_sublabel_above gfield--has-description field_description_above field_validation_below gfield_visibility_visible\"  ><label class='gfield_label gform-field-label' for='input_1_3'>Tr\u00e1cht n\u00f3 Teachtaireacht<span class=\"gfield_required\"><span class=\"gfield_required gfield_required_text\">(Required)<\/span><\/span><\/label><div class='gfield_description' id='gfield_description_1_3'>Abair linn an m\u00e9id a bhfuil t\u00fa ag smaoineamh air. An bhfuil ceist agat d\u00fainn? Cuir ceist orainn.<\/div><div class='ginput_container ginput_container_textarea'><textarea name='input_3' id='input_1_3' class='textarea medium'  aria-describedby=\"gfield_description_1_3\" maxlength='2000'  aria-required=\"true\" aria-invalid=\"false\"   rows='10' cols='50'><\/textarea><\/div><\/div><div id=\"field_1_7\" class=\"gfield gfield--type-text gfield--width-full user_feedback_field field_sublabel_above gfield--no-description field_description_above field_validation_below gfield_visibility_hidden\"  ><div class=\"admin-hidden-markup\"><i class=\"gform-icon gform-icon--hidden\" aria-hidden=\"true\" title=\"This field is hidden when viewing the form\"><\/i><span>This field is hidden when viewing the form<\/span><\/div><label class='gfield_label gform-field-label' for='input_1_7'>Aiseola \u00f3 \u00das\u00e1ideoir\u00ed<\/label><div class='ginput_container ginput_container_text'><input name='input_7' id='input_1_7' type='text' value='' class='large'      aria-invalid=\"false\"   \/><\/div><\/div><div id=\"field_1_8\" class=\"gfield gfield--type-turnstile field_sublabel_above gfield--no-description field_description_above field_validation_below gfield_visibility_visible\"  ><div class='ginput_container ginput_container_turnstile'><div class=\"cf-turnstile\" id=\"cf-turnstile_\" data-js-turnstile data-response-field-name=\"cf-turnstile-response_\" data-theme=\"auto\" data-sitekey=\"0x4AAAAAAB_lQC4D41TSugNr\"><\/div><\/div><\/div><\/div><\/div>\n        <div class='gform-footer gform_footer top_label'> <input type='submit' id='gform_submit_button_1' class='gform_button button' onclick='gform.submission.handleButtonClick(this);' data-submission-type='submit' value='Cuir isteach'  \/> \n            <input type='hidden' class='gform_hidden' name='gform_submission_method' data-js='gform_submission_method_1' value='postback' \/>\n            <input type='hidden' class='gform_hidden' name='gform_theme' data-js='gform_theme_1' id='gform_theme_1' value='gravity-theme' \/>\n            <input type='hidden' class='gform_hidden' name='gform_style_settings' data-js='gform_style_settings_1' id='gform_style_settings_1' value='[]' \/>\n            <input type='hidden' class='gform_hidden' name='is_submit_1' value='1' \/>\n            <input type='hidden' class='gform_hidden' name='gform_submit' value='1' \/>\n            \n            <input type='hidden' class='gform_hidden' name='gform_currency' data-currency='USD' value='i3bkbj\/\/CnJUdoU+ERNIovIo0fpuciTL0\/QCihPiVv73Tkmrc7tEe6iFGRbvifJW0ZyJkypowVdjgu3X3+tWTY\/R7wkyyyK5Dxe7+XcYCkh+Bvg=' \/>\n            <input type='hidden' class='gform_hidden' name='gform_unique_id' value='' \/>\n            <input type='hidden' class='gform_hidden' name='state_1' value='WyJ7XCI0XCI6W1wiNzM3NDZiOGYzYWMwN2E5NmM0MzcxYzRlNTU4NzQwNzNcIixcImE2YmFiODUzZWFkZTQ2OWIxM2U1Yjk0MmNmNzg5ODM0XCIsXCI2OGY2OTFkYjcwODFiMTk5MGI2ZDNkNGUxOTlhY2NkZVwiLFwiNTg0ZmMzZDI3ZWRhOGVjMDRhMmY2NWY2MzNhMDJjMjhcIl0sXCI1XCI6W1wiNTM0N2EwYjQzM2Q2MTAyMGQ5N2VhYzRlNjU0MmE3OWZcIixcImFmYjYwNDg4MjhjMWE3NTljM2JmZjg1YjVhYWI5ZDMxXCJdLFwiNlwiOltcIjBmMjIwYzMxZGFhZjJlMDg5YTQ3NDM3N2QxOWU5YjBiXCIsXCI5NTIyZTU4ZWFjZjkzYTIzYWZmNTc2ZjMyNzJhZTA1YVwiLFwiN2Y5MzQ1NmQ2ZGI4N2RmZjk0MGFmODEwMGJlNTJlYmZcIixcIjkwZGMzNDA4YjUyNDNkOGYwOTIzM2M2MThmYjYzMDAyXCJdfSIsIjRiNzE4ODM0M2Q1YjcyMDNkZWE4Zjg5NzMwZWI1ZDFlIl0=' \/>\n            <input type='hidden' autocomplete='off' class='gform_hidden' name='gform_target_page_number_1' id='gform_target_page_number_1' value='0' \/>\n            <input type='hidden' autocomplete='off' class='gform_hidden' name='gform_source_page_number_1' id='gform_source_page_number_1' value='1' \/>\n            <input type='hidden' name='gform_field_values' value='' \/>\n            \n        <\/div>\n                        <\/form>\n                        <\/div><script>\ngform.initializeOnLoaded( function() {gformInitSpinner( 1, 'https:\/\/careerhub.hse.ie\/wp-content\/plugins\/gravityforms\/images\/spinner.svg', true );jQuery('#gform_ajax_frame_1').on('load',function(){var contents = jQuery(this).contents().find('*').html();var is_postback = contents.indexOf('GF_AJAX_POSTBACK') >= 0;if(!is_postback){return;}var form_content = jQuery(this).contents().find('#gform_wrapper_1');var is_confirmation = jQuery(this).contents().find('#gform_confirmation_wrapper_1').length > 0;var is_redirect = contents.indexOf('gformRedirect(){') >= 0;var is_form = form_content.length > 0 && ! is_redirect && ! is_confirmation;var mt = parseInt(jQuery('html').css('margin-top'), 10) + parseInt(jQuery('body').css('margin-top'), 10) + 100;if(is_form){jQuery('#gform_wrapper_1').html(form_content.html());if(form_content.hasClass('gform_validation_error')){jQuery('#gform_wrapper_1').addClass('gform_validation_error');} else {jQuery('#gform_wrapper_1').removeClass('gform_validation_error');}setTimeout( function() { \/* delay the scroll by 50 milliseconds to fix a bug in chrome *\/  }, 50 );if(window['gformInitDatepicker']) {gformInitDatepicker();}if(window['gformInitPriceFields']) {gformInitPriceFields();}var current_page = jQuery('#gform_source_page_number_1').val();gformInitSpinner( 1, 'https:\/\/careerhub.hse.ie\/wp-content\/plugins\/gravityforms\/images\/spinner.svg', true );jQuery(document).trigger('gform_page_loaded', [1, current_page]);window['gf_submitting_1'] = false;}else if(!is_redirect){var confirmation_content = jQuery(this).contents().find('.GF_AJAX_POSTBACK').html();if(!confirmation_content){confirmation_content = contents;}jQuery('#gform_wrapper_1').replaceWith(confirmation_content);jQuery(document).trigger('gform_confirmation_loaded', [1]);window['gf_submitting_1'] = false;wp.a11y.speak(jQuery('#gform_confirmation_message_1').text());}else{jQuery('#gform_1').append(contents);if(window['gformRedirect']) {gformRedirect();}}jQuery(document).trigger(\"gform_pre_post_render\", [{ formId: \"1\", currentPage: \"current_page\", abort: function() { this.preventDefault(); } }]);        if (event && event.defaultPrevented) {                return;        }        const gformWrapperDiv = document.getElementById( \"gform_wrapper_1\" );        if ( gformWrapperDiv ) {            const visibilitySpan = document.createElement( \"span\" );            visibilitySpan.id = \"gform_visibility_test_1\";            gformWrapperDiv.insertAdjacentElement( \"afterend\", visibilitySpan );        }        const visibilityTestDiv = document.getElementById( \"gform_visibility_test_1\" );        let postRenderFired = false;        function triggerPostRender() {            if ( postRenderFired ) {                return;            }            postRenderFired = true;            gform.core.triggerPostRenderEvents( 1, current_page );            if ( visibilityTestDiv ) {                visibilityTestDiv.parentNode.removeChild( visibilityTestDiv );            }        }        function debounce( func, wait, immediate ) {            var timeout;            return function() {                var context = this, args = arguments;                var later = function() {                    timeout = null;                    if ( !immediate ) func.apply( context, args );                };                var callNow = immediate && !timeout;                clearTimeout( timeout );                timeout = setTimeout( later, wait );                if ( callNow ) func.apply( context, args );            };        }        const debouncedTriggerPostRender = debounce( function() {            triggerPostRender();        }, 200 );        if ( visibilityTestDiv && visibilityTestDiv.offsetParent === null ) {            const observer = new MutationObserver( ( mutations ) => {                mutations.forEach( ( mutation ) => {                    if ( mutation.type === 'attributes' && visibilityTestDiv.offsetParent !== null ) {                        debouncedTriggerPostRender();                        observer.disconnect();                    }                });            });            observer.observe( document.body, {                attributes: true,                childList: false,                subtree: true,                attributeFilter: [ 'style', 'class' ],            });        } else {            triggerPostRender();        }    } );} );\n<\/script>\n\n","protected":false},"excerpt":{"rendered":"","protected":false},"author":12,"featured_media":0,"parent":0,"menu_order":0,"comment_status":"closed","ping_status":"closed","template":"","meta":{"_acf_changed":false,"inline_featured_image":false,"footnotes":""},"class_list":["post-12122","page","type-page","status-publish","hentry"],"acf":[],"yoast_head":"<!-- This site is optimized with the Yoast SEO plugin v26.8 - https:\/\/yoast.com\/product\/yoast-seo-wordpress\/ -->\n<title>Contact Us GA - HSE Career Hub<\/title>\n<meta name=\"robots\" content=\"noindex, nofollow\" \/>\n<meta property=\"og:locale\" content=\"ga_IE\" \/>\n<meta property=\"og:type\" content=\"article\" \/>\n<meta property=\"og:title\" content=\"Contact Us GA - HSE Career Hub\" \/>\n<meta property=\"og:url\" content=\"https:\/\/careerhub.hse.ie\/ga\/contact-us-ga\/\" \/>\n<meta property=\"og:site_name\" content=\"HSE Career Hub\" \/>\n<meta name=\"twitter:card\" content=\"summary_large_image\" \/>\n<meta name=\"twitter:label1\" content=\"Est. reading time\" \/>\n\t<meta name=\"twitter:data1\" content=\"1 minute\" \/>\n<script type=\"application\/ld+json\" class=\"yoast-schema-graph\">{\"@context\":\"https:\/\/schema.org\",\"@graph\":[{\"@type\":\"WebPage\",\"@id\":\"https:\/\/careerhub.hse.ie\/ga\/contact-us-ga\/\",\"url\":\"https:\/\/careerhub.hse.ie\/ga\/contact-us-ga\/\",\"name\":\"Contact Us GA - HSE Career Hub\",\"isPartOf\":{\"@id\":\"https:\/\/careerhub.hse.ie\/ga\/#website\"},\"datePublished\":\"2025-12-22T09:36:57+00:00\",\"breadcrumb\":{\"@id\":\"https:\/\/careerhub.hse.ie\/ga\/contact-us-ga\/#breadcrumb\"},\"inLanguage\":\"ga-IE\",\"potentialAction\":[{\"@type\":\"ReadAction\",\"target\":[\"https:\/\/careerhub.hse.ie\/ga\/contact-us-ga\/\"]}]},{\"@type\":\"BreadcrumbList\",\"@id\":\"https:\/\/careerhub.hse.ie\/ga\/contact-us-ga\/#breadcrumb\",\"itemListElement\":[{\"@type\":\"ListItem\",\"position\":1,\"name\":\"Home\",\"item\":\"https:\/\/careerhub.hse.ie\/ga\/home-3\/\"},{\"@type\":\"ListItem\",\"position\":2,\"name\":\"Contact Us GA\"}]},{\"@type\":\"WebSite\",\"@id\":\"https:\/\/careerhub.hse.ie\/ga\/#website\",\"url\":\"https:\/\/careerhub.hse.ie\/ga\/\",\"name\":\"HSE Career Hub\",\"description\":\"HSE Career Hub\",\"publisher\":{\"@id\":\"https:\/\/careerhub.hse.ie\/ga\/#organization\"},\"potentialAction\":[{\"@type\":\"SearchAction\",\"target\":{\"@type\":\"EntryPoint\",\"urlTemplate\":\"https:\/\/careerhub.hse.ie\/ga\/?s={search_term_string}\"},\"query-input\":{\"@type\":\"PropertyValueSpecification\",\"valueRequired\":true,\"valueName\":\"search_term_string\"}}],\"inLanguage\":\"ga-IE\"},{\"@type\":\"Organization\",\"@id\":\"https:\/\/careerhub.hse.ie\/ga\/#organization\",\"name\":\"HSE Career Hub\",\"url\":\"https:\/\/careerhub.hse.ie\/ga\/\",\"logo\":{\"@type\":\"ImageObject\",\"inLanguage\":\"ga-IE\",\"@id\":\"https:\/\/careerhub.hse.ie\/ga\/#\/schema\/logo\/image\/\",\"url\":\"https:\/\/careerhub.hse.ie\/wp-content\/uploads\/2023\/03\/hse-site-logo-2021.svg\",\"contentUrl\":\"https:\/\/careerhub.hse.ie\/wp-content\/uploads\/2023\/03\/hse-site-logo-2021.svg\",\"width\":75,\"height\":56,\"caption\":\"HSE Career Hub\"},\"image\":{\"@id\":\"https:\/\/careerhub.hse.ie\/ga\/#\/schema\/logo\/image\/\"}}]}<\/script>\n<!-- \/ Yoast SEO plugin. -->","yoast_head_json":{"title":"Contact Us GA - HSE Career Hub","robots":{"index":"noindex","follow":"nofollow"},"og_locale":"ga_IE","og_type":"article","og_title":"Contact Us GA - HSE Career Hub","og_url":"https:\/\/careerhub.hse.ie\/ga\/contact-us-ga\/","og_site_name":"HSE Career Hub","twitter_card":"summary_large_image","twitter_misc":{"Est. reading time":"1 minute"},"schema":{"@context":"https:\/\/schema.org","@graph":[{"@type":"WebPage","@id":"https:\/\/careerhub.hse.ie\/ga\/contact-us-ga\/","url":"https:\/\/careerhub.hse.ie\/ga\/contact-us-ga\/","name":"Contact Us GA - HSE Career Hub","isPartOf":{"@id":"https:\/\/careerhub.hse.ie\/ga\/#website"},"datePublished":"2025-12-22T09:36:57+00:00","breadcrumb":{"@id":"https:\/\/careerhub.hse.ie\/ga\/contact-us-ga\/#breadcrumb"},"inLanguage":"ga-IE","potentialAction":[{"@type":"ReadAction","target":["https:\/\/careerhub.hse.ie\/ga\/contact-us-ga\/"]}]},{"@type":"BreadcrumbList","@id":"https:\/\/careerhub.hse.ie\/ga\/contact-us-ga\/#breadcrumb","itemListElement":[{"@type":"ListItem","position":1,"name":"Home","item":"https:\/\/careerhub.hse.ie\/ga\/home-3\/"},{"@type":"ListItem","position":2,"name":"Contact Us GA"}]},{"@type":"WebSite","@id":"https:\/\/careerhub.hse.ie\/ga\/#website","url":"https:\/\/careerhub.hse.ie\/ga\/","name":"HSE Career Hub","description":"HSE Career Hub","publisher":{"@id":"https:\/\/careerhub.hse.ie\/ga\/#organization"},"potentialAction":[{"@type":"SearchAction","target":{"@type":"EntryPoint","urlTemplate":"https:\/\/careerhub.hse.ie\/ga\/?s={search_term_string}"},"query-input":{"@type":"PropertyValueSpecification","valueRequired":true,"valueName":"search_term_string"}}],"inLanguage":"ga-IE"},{"@type":"Organization","@id":"https:\/\/careerhub.hse.ie\/ga\/#organization","name":"HSE Career Hub","url":"https:\/\/careerhub.hse.ie\/ga\/","logo":{"@type":"ImageObject","inLanguage":"ga-IE","@id":"https:\/\/careerhub.hse.ie\/ga\/#\/schema\/logo\/image\/","url":"https:\/\/careerhub.hse.ie\/wp-content\/uploads\/2023\/03\/hse-site-logo-2021.svg","contentUrl":"https:\/\/careerhub.hse.ie\/wp-content\/uploads\/2023\/03\/hse-site-logo-2021.svg","width":75,"height":56,"caption":"HSE Career Hub"},"image":{"@id":"https:\/\/careerhub.hse.ie\/ga\/#\/schema\/logo\/image\/"}}]}},"_links":{"self":[{"href":"https:\/\/careerhub.hse.ie\/ga\/wp-json\/wp\/v2\/pages\/12122","targetHints":{"allow":["GET"]}}],"collection":[{"href":"https:\/\/careerhub.hse.ie\/ga\/wp-json\/wp\/v2\/pages"}],"about":[{"href":"https:\/\/careerhub.hse.ie\/ga\/wp-json\/wp\/v2\/types\/page"}],"author":[{"embeddable":true,"href":"https:\/\/careerhub.hse.ie\/ga\/wp-json\/wp\/v2\/users\/12"}],"replies":[{"embeddable":true,"href":"https:\/\/careerhub.hse.ie\/ga\/wp-json\/wp\/v2\/comments?post=12122"}],"version-history":[{"count":1,"href":"https:\/\/careerhub.hse.ie\/ga\/wp-json\/wp\/v2\/pages\/12122\/revisions"}],"predecessor-version":[{"id":13703,"href":"https:\/\/careerhub.hse.ie\/ga\/wp-json\/wp\/v2\/pages\/12122\/revisions\/13703"}],"wp:attachment":[{"href":"https:\/\/careerhub.hse.ie\/ga\/wp-json\/wp\/v2\/media?parent=12122"}],"curies":[{"name":"wp","href":"https:\/\/api.w.org\/{rel}","templated":true}]}}