{"id":14437,"date":"2025-07-07T14:53:03","date_gmt":"2025-07-07T14:53:03","guid":{"rendered":"https:\/\/careerhub.hse.ie\/conairi-an-bhithcheimiceora\/"},"modified":"2025-07-07T14:53:03","modified_gmt":"2025-07-07T14:53:03","slug":"conairi-an-bhithcheimiceora","status":"publish","type":"page","link":"https:\/\/careerhub.hse.ie\/ga\/conairi-an-bhithcheimiceora\/","title":{"rendered":"Conair\u00ed an Bhithcheimiceora"},"content":{"rendered":"","protected":false},"excerpt":{"rendered":"","protected":false},"author":5,"featured_media":0,"parent":0,"menu_order":0,"comment_status":"closed","ping_status":"closed","template":"","meta":{"_acf_changed":false,"inline_featured_image":false,"footnotes":""},"class_list":["post-14437","page","type-page","status-publish","hentry"],"acf":[],"yoast_head":"<!-- This site is optimized with the Yoast SEO plugin v26.8 - https:\/\/yoast.com\/product\/yoast-seo-wordpress\/ -->\n<title>Conair\u00ed an Bhithcheimiceora - HSE Career Hub<\/title>\n<meta name=\"description\" content=\"T\u00fas do ghairme sa bhithcheimic chlinici\u00fail in FSS. Eolas ar riachtanais iontr\u00e1la, c\u00e1il\u00edochta\u00ed aitheanta agus deiseanna forbartha in \u00c9irinn.\" \/>\n<meta name=\"robots\" content=\"index, follow, max-snippet:-1, max-image-preview:large, max-video-preview:-1\" \/>\n<link rel=\"canonical\" href=\"https:\/\/careerhub.hse.ie\/ga\/conairi-an-bhithcheimiceora\/\" \/>\n<meta property=\"og:locale\" content=\"ga_IE\" \/>\n<meta property=\"og:type\" content=\"article\" \/>\n<meta property=\"og:title\" content=\"Conair\u00ed an Bhithcheimiceora - HSE Career Hub\" \/>\n<meta property=\"og:description\" content=\"T\u00fas do ghairme sa bhithcheimic chlinici\u00fail in FSS. Eolas ar riachtanais iontr\u00e1la, c\u00e1il\u00edochta\u00ed aitheanta agus deiseanna forbartha in \u00c9irinn.\" \/>\n<meta property=\"og:url\" content=\"https:\/\/careerhub.hse.ie\/ga\/conairi-an-bhithcheimiceora\/\" \/>\n<meta property=\"og:site_name\" content=\"HSE Career Hub\" \/>\n<meta name=\"twitter:card\" content=\"summary_large_image\" \/>\n<script type=\"application\/ld+json\" class=\"yoast-schema-graph\">{\"@context\":\"https:\/\/schema.org\",\"@graph\":[{\"@type\":\"WebPage\",\"@id\":\"https:\/\/careerhub.hse.ie\/ga\/conairi-an-bhithcheimiceora\/\",\"url\":\"https:\/\/careerhub.hse.ie\/ga\/conairi-an-bhithcheimiceora\/\",\"name\":\"Conair\u00ed an Bhithcheimiceora - HSE Career Hub\",\"isPartOf\":{\"@id\":\"https:\/\/careerhub.hse.ie\/ga\/#website\"},\"datePublished\":\"2025-07-07T14:53:03+00:00\",\"description\":\"T\u00fas do ghairme sa bhithcheimic chlinici\u00fail in FSS. Eolas ar riachtanais iontr\u00e1la, c\u00e1il\u00edochta\u00ed aitheanta agus deiseanna forbartha in \u00c9irinn.\",\"breadcrumb\":{\"@id\":\"https:\/\/careerhub.hse.ie\/ga\/conairi-an-bhithcheimiceora\/#breadcrumb\"},\"inLanguage\":\"ga-IE\",\"potentialAction\":[{\"@type\":\"ReadAction\",\"target\":[\"https:\/\/careerhub.hse.ie\/ga\/conairi-an-bhithcheimiceora\/\"]}]},{\"@type\":\"BreadcrumbList\",\"@id\":\"https:\/\/careerhub.hse.ie\/ga\/conairi-an-bhithcheimiceora\/#breadcrumb\",\"itemListElement\":[{\"@type\":\"ListItem\",\"position\":1,\"name\":\"Home\",\"item\":\"https:\/\/careerhub.hse.ie\/ga\/\"},{\"@type\":\"ListItem\",\"position\":2,\"name\":\"Conair\u00ed an Bhithcheimiceora\"}]},{\"@type\":\"WebSite\",\"@id\":\"https:\/\/careerhub.hse.ie\/ga\/#website\",\"url\":\"https:\/\/careerhub.hse.ie\/ga\/\",\"name\":\"HSE Career Hub\",\"description\":\"HSE Career Hub\",\"publisher\":{\"@id\":\"https:\/\/careerhub.hse.ie\/ga\/#organization\"},\"potentialAction\":[{\"@type\":\"SearchAction\",\"target\":{\"@type\":\"EntryPoint\",\"urlTemplate\":\"https:\/\/careerhub.hse.ie\/ga\/?s={search_term_string}\"},\"query-input\":{\"@type\":\"PropertyValueSpecification\",\"valueRequired\":true,\"valueName\":\"search_term_string\"}}],\"inLanguage\":\"ga-IE\"},{\"@type\":\"Organization\",\"@id\":\"https:\/\/careerhub.hse.ie\/ga\/#organization\",\"name\":\"HSE Career Hub\",\"url\":\"https:\/\/careerhub.hse.ie\/ga\/\",\"logo\":{\"@type\":\"ImageObject\",\"inLanguage\":\"ga-IE\",\"@id\":\"https:\/\/careerhub.hse.ie\/ga\/#\/schema\/logo\/image\/\",\"url\":\"https:\/\/careerhub.hse.ie\/wp-content\/uploads\/2023\/03\/hse-site-logo-2021.svg\",\"contentUrl\":\"https:\/\/careerhub.hse.ie\/wp-content\/uploads\/2023\/03\/hse-site-logo-2021.svg\",\"width\":75,\"height\":56,\"caption\":\"HSE Career Hub\"},\"image\":{\"@id\":\"https:\/\/careerhub.hse.ie\/ga\/#\/schema\/logo\/image\/\"}}]}<\/script>\n<!-- \/ Yoast SEO plugin. -->","yoast_head_json":{"title":"Conair\u00ed an Bhithcheimiceora - HSE Career Hub","description":"T\u00fas do ghairme sa bhithcheimic chlinici\u00fail in FSS. Eolas ar riachtanais iontr\u00e1la, c\u00e1il\u00edochta\u00ed aitheanta agus deiseanna forbartha in \u00c9irinn.","robots":{"index":"index","follow":"follow","max-snippet":"max-snippet:-1","max-image-preview":"max-image-preview:large","max-video-preview":"max-video-preview:-1"},"canonical":"https:\/\/careerhub.hse.ie\/ga\/conairi-an-bhithcheimiceora\/","og_locale":"ga_IE","og_type":"article","og_title":"Conair\u00ed an Bhithcheimiceora - HSE Career Hub","og_description":"T\u00fas do ghairme sa bhithcheimic chlinici\u00fail in FSS. Eolas ar riachtanais iontr\u00e1la, c\u00e1il\u00edochta\u00ed aitheanta agus deiseanna forbartha in \u00c9irinn.","og_url":"https:\/\/careerhub.hse.ie\/ga\/conairi-an-bhithcheimiceora\/","og_site_name":"HSE Career Hub","twitter_card":"summary_large_image","schema":{"@context":"https:\/\/schema.org","@graph":[{"@type":"WebPage","@id":"https:\/\/careerhub.hse.ie\/ga\/conairi-an-bhithcheimiceora\/","url":"https:\/\/careerhub.hse.ie\/ga\/conairi-an-bhithcheimiceora\/","name":"Conair\u00ed an Bhithcheimiceora - HSE Career Hub","isPartOf":{"@id":"https:\/\/careerhub.hse.ie\/ga\/#website"},"datePublished":"2025-07-07T14:53:03+00:00","description":"T\u00fas do ghairme sa bhithcheimic chlinici\u00fail in FSS. Eolas ar riachtanais iontr\u00e1la, c\u00e1il\u00edochta\u00ed aitheanta agus deiseanna forbartha in \u00c9irinn.","breadcrumb":{"@id":"https:\/\/careerhub.hse.ie\/ga\/conairi-an-bhithcheimiceora\/#breadcrumb"},"inLanguage":"ga-IE","potentialAction":[{"@type":"ReadAction","target":["https:\/\/careerhub.hse.ie\/ga\/conairi-an-bhithcheimiceora\/"]}]},{"@type":"BreadcrumbList","@id":"https:\/\/careerhub.hse.ie\/ga\/conairi-an-bhithcheimiceora\/#breadcrumb","itemListElement":[{"@type":"ListItem","position":1,"name":"Home","item":"https:\/\/careerhub.hse.ie\/ga\/"},{"@type":"ListItem","position":2,"name":"Conair\u00ed an Bhithcheimiceora"}]},{"@type":"WebSite","@id":"https:\/\/careerhub.hse.ie\/ga\/#website","url":"https:\/\/careerhub.hse.ie\/ga\/","name":"HSE Career Hub","description":"HSE Career Hub","publisher":{"@id":"https:\/\/careerhub.hse.ie\/ga\/#organization"},"potentialAction":[{"@type":"SearchAction","target":{"@type":"EntryPoint","urlTemplate":"https:\/\/careerhub.hse.ie\/ga\/?s={search_term_string}"},"query-input":{"@type":"PropertyValueSpecification","valueRequired":true,"valueName":"search_term_string"}}],"inLanguage":"ga-IE"},{"@type":"Organization","@id":"https:\/\/careerhub.hse.ie\/ga\/#organization","name":"HSE Career Hub","url":"https:\/\/careerhub.hse.ie\/ga\/","logo":{"@type":"ImageObject","inLanguage":"ga-IE","@id":"https:\/\/careerhub.hse.ie\/ga\/#\/schema\/logo\/image\/","url":"https:\/\/careerhub.hse.ie\/wp-content\/uploads\/2023\/03\/hse-site-logo-2021.svg","contentUrl":"https:\/\/careerhub.hse.ie\/wp-content\/uploads\/2023\/03\/hse-site-logo-2021.svg","width":75,"height":56,"caption":"HSE Career Hub"},"image":{"@id":"https:\/\/careerhub.hse.ie\/ga\/#\/schema\/logo\/image\/"}}]}},"_links":{"self":[{"href":"https:\/\/careerhub.hse.ie\/ga\/wp-json\/wp\/v2\/pages\/14437","targetHints":{"allow":["GET"]}}],"collection":[{"href":"https:\/\/careerhub.hse.ie\/ga\/wp-json\/wp\/v2\/pages"}],"about":[{"href":"https:\/\/careerhub.hse.ie\/ga\/wp-json\/wp\/v2\/types\/page"}],"author":[{"embeddable":true,"href":"https:\/\/careerhub.hse.ie\/ga\/wp-json\/wp\/v2\/users\/5"}],"replies":[{"embeddable":true,"href":"https:\/\/careerhub.hse.ie\/ga\/wp-json\/wp\/v2\/comments?post=14437"}],"version-history":[{"count":0,"href":"https:\/\/careerhub.hse.ie\/ga\/wp-json\/wp\/v2\/pages\/14437\/revisions"}],"wp:attachment":[{"href":"https:\/\/careerhub.hse.ie\/ga\/wp-json\/wp\/v2\/media?parent=14437"}],"curies":[{"name":"wp","href":"https:\/\/api.w.org\/{rel}","templated":true}]}}