{"id":15160,"date":"2025-04-02T15:59:05","date_gmt":"2025-04-02T15:59:05","guid":{"rendered":"https:\/\/careerhub.hse.ie\/aistear-earcaiochta\/"},"modified":"2025-04-02T15:59:05","modified_gmt":"2025-04-02T15:59:05","slug":"aistear-earcaiochta","status":"publish","type":"page","link":"https:\/\/careerhub.hse.ie\/ga\/aistear-earcaiochta\/","title":{"rendered":"Aistear Earca\u00edochta"},"content":{"rendered":"","protected":false},"excerpt":{"rendered":"","protected":false},"author":12,"featured_media":0,"parent":0,"menu_order":0,"comment_status":"closed","ping_status":"closed","template":"","meta":{"_acf_changed":false,"inline_featured_image":false,"footnotes":""},"class_list":["post-15160","page","type-page","status-publish","hentry"],"acf":[],"yoast_head":"<!-- This site is optimized with the Yoast SEO plugin v27.5 - https:\/\/yoast.com\/product\/yoast-seo-wordpress\/ -->\n<title>Aistear Earca\u00edochta - HSE Career Hub<\/title>\n<meta name=\"description\" content=\"Faigh amach faoi Aistear Earca\u00edochta FSS agus d\u00e9an ini\u00fachadh ar bhreis is 800 r\u00f3l \u00e9ags\u00fail leis an bhfost\u00f3ir c\u00faraim sl\u00e1inte is m\u00f3 in \u00c9irinn. Faigh amach faoi dheiseanna gairme, c\u00e9n chaoi iarratas a dh\u00e9anamh, agus c\u00e9n chaoi ar f\u00e9idir leatsa teacht ag obair i seirbh\u00eds sl\u00e1inte den scoth at\u00e1 tiomanta don nu\u00e1la\u00edocht, don \u00e9ags\u00falacht agus don fh\u00e1s gairmi\u00fail.\" \/>\n<meta name=\"robots\" content=\"index, follow, max-snippet:-1, max-image-preview:large, max-video-preview:-1\" \/>\n<link rel=\"canonical\" href=\"https:\/\/careerhub.hse.ie\/ga\/aistear-earcaiochta\/\" \/>\n<meta property=\"og:locale\" content=\"ga_IE\" \/>\n<meta property=\"og:type\" content=\"article\" \/>\n<meta property=\"og:title\" content=\"Aistear Earca\u00edochta - HSE Career Hub\" \/>\n<meta property=\"og:description\" content=\"Faigh amach faoi Aistear Earca\u00edochta FSS agus d\u00e9an ini\u00fachadh ar bhreis is 800 r\u00f3l \u00e9ags\u00fail leis an bhfost\u00f3ir c\u00faraim sl\u00e1inte is m\u00f3 in \u00c9irinn. Faigh amach faoi dheiseanna gairme, c\u00e9n chaoi iarratas a dh\u00e9anamh, agus c\u00e9n chaoi ar f\u00e9idir leatsa teacht ag obair i seirbh\u00eds sl\u00e1inte den scoth at\u00e1 tiomanta don nu\u00e1la\u00edocht, don \u00e9ags\u00falacht agus don fh\u00e1s gairmi\u00fail.\" \/>\n<meta property=\"og:url\" content=\"https:\/\/careerhub.hse.ie\/ga\/aistear-earcaiochta\/\" \/>\n<meta property=\"og:site_name\" content=\"HSE Career Hub\" \/>\n<meta name=\"twitter:card\" content=\"summary_large_image\" \/>\n<script type=\"application\/ld+json\" class=\"yoast-schema-graph\">{\"@context\":\"https:\\\/\\\/schema.org\",\"@graph\":[{\"@type\":\"WebPage\",\"@id\":\"https:\\\/\\\/careerhub.hse.ie\\\/ga\\\/aistear-earcaiochta\\\/\",\"url\":\"https:\\\/\\\/careerhub.hse.ie\\\/ga\\\/aistear-earcaiochta\\\/\",\"name\":\"Aistear Earca\u00edochta - HSE Career Hub\",\"isPartOf\":{\"@id\":\"https:\\\/\\\/careerhub.hse.ie\\\/ga\\\/#website\"},\"datePublished\":\"2025-04-02T15:59:05+00:00\",\"description\":\"Faigh amach faoi Aistear Earca\u00edochta FSS agus d\u00e9an ini\u00fachadh ar bhreis is 800 r\u00f3l \u00e9ags\u00fail leis an bhfost\u00f3ir c\u00faraim sl\u00e1inte is m\u00f3 in \u00c9irinn. Faigh amach faoi dheiseanna gairme, c\u00e9n chaoi iarratas a dh\u00e9anamh, agus c\u00e9n chaoi ar f\u00e9idir leatsa teacht ag obair i seirbh\u00eds sl\u00e1inte den scoth at\u00e1 tiomanta don nu\u00e1la\u00edocht, don \u00e9ags\u00falacht agus don fh\u00e1s gairmi\u00fail.\",\"breadcrumb\":{\"@id\":\"https:\\\/\\\/careerhub.hse.ie\\\/ga\\\/aistear-earcaiochta\\\/#breadcrumb\"},\"inLanguage\":\"ga-IE\",\"potentialAction\":[{\"@type\":\"ReadAction\",\"target\":[\"https:\\\/\\\/careerhub.hse.ie\\\/ga\\\/aistear-earcaiochta\\\/\"]}]},{\"@type\":\"BreadcrumbList\",\"@id\":\"https:\\\/\\\/careerhub.hse.ie\\\/ga\\\/aistear-earcaiochta\\\/#breadcrumb\",\"itemListElement\":[{\"@type\":\"ListItem\",\"position\":1,\"name\":\"Home\",\"item\":\"https:\\\/\\\/careerhub.hse.ie\\\/ga\\\/home-3\\\/\"},{\"@type\":\"ListItem\",\"position\":2,\"name\":\"Aistear Earca\u00edochta\"}]},{\"@type\":\"WebSite\",\"@id\":\"https:\\\/\\\/careerhub.hse.ie\\\/ga\\\/#website\",\"url\":\"https:\\\/\\\/careerhub.hse.ie\\\/ga\\\/\",\"name\":\"HSE Career Hub\",\"description\":\"HSE Career Hub\",\"publisher\":{\"@id\":\"https:\\\/\\\/careerhub.hse.ie\\\/ga\\\/#organization\"},\"potentialAction\":[{\"@type\":\"SearchAction\",\"target\":{\"@type\":\"EntryPoint\",\"urlTemplate\":\"https:\\\/\\\/careerhub.hse.ie\\\/ga\\\/?s={search_term_string}\"},\"query-input\":{\"@type\":\"PropertyValueSpecification\",\"valueRequired\":true,\"valueName\":\"search_term_string\"}}],\"inLanguage\":\"ga-IE\"},{\"@type\":\"Organization\",\"@id\":\"https:\\\/\\\/careerhub.hse.ie\\\/ga\\\/#organization\",\"name\":\"HSE Career Hub\",\"url\":\"https:\\\/\\\/careerhub.hse.ie\\\/ga\\\/\",\"logo\":{\"@type\":\"ImageObject\",\"inLanguage\":\"ga-IE\",\"@id\":\"https:\\\/\\\/careerhub.hse.ie\\\/ga\\\/#\\\/schema\\\/logo\\\/image\\\/\",\"url\":\"https:\\\/\\\/careerhub.hse.ie\\\/wp-content\\\/uploads\\\/2023\\\/03\\\/hse-site-logo-2021.svg\",\"contentUrl\":\"https:\\\/\\\/careerhub.hse.ie\\\/wp-content\\\/uploads\\\/2023\\\/03\\\/hse-site-logo-2021.svg\",\"width\":75,\"height\":56,\"caption\":\"HSE Career Hub\"},\"image\":{\"@id\":\"https:\\\/\\\/careerhub.hse.ie\\\/ga\\\/#\\\/schema\\\/logo\\\/image\\\/\"}}]}<\/script>\n<!-- \/ Yoast SEO plugin. -->","yoast_head_json":{"title":"Aistear Earca\u00edochta - HSE Career Hub","description":"Faigh amach faoi Aistear Earca\u00edochta FSS agus d\u00e9an ini\u00fachadh ar bhreis is 800 r\u00f3l \u00e9ags\u00fail leis an bhfost\u00f3ir c\u00faraim sl\u00e1inte is m\u00f3 in \u00c9irinn. Faigh amach faoi dheiseanna gairme, c\u00e9n chaoi iarratas a dh\u00e9anamh, agus c\u00e9n chaoi ar f\u00e9idir leatsa teacht ag obair i seirbh\u00eds sl\u00e1inte den scoth at\u00e1 tiomanta don nu\u00e1la\u00edocht, don \u00e9ags\u00falacht agus don fh\u00e1s gairmi\u00fail.","robots":{"index":"index","follow":"follow","max-snippet":"max-snippet:-1","max-image-preview":"max-image-preview:large","max-video-preview":"max-video-preview:-1"},"canonical":"https:\/\/careerhub.hse.ie\/ga\/aistear-earcaiochta\/","og_locale":"ga_IE","og_type":"article","og_title":"Aistear Earca\u00edochta - HSE Career Hub","og_description":"Faigh amach faoi Aistear Earca\u00edochta FSS agus d\u00e9an ini\u00fachadh ar bhreis is 800 r\u00f3l \u00e9ags\u00fail leis an bhfost\u00f3ir c\u00faraim sl\u00e1inte is m\u00f3 in \u00c9irinn. Faigh amach faoi dheiseanna gairme, c\u00e9n chaoi iarratas a dh\u00e9anamh, agus c\u00e9n chaoi ar f\u00e9idir leatsa teacht ag obair i seirbh\u00eds sl\u00e1inte den scoth at\u00e1 tiomanta don nu\u00e1la\u00edocht, don \u00e9ags\u00falacht agus don fh\u00e1s gairmi\u00fail.","og_url":"https:\/\/careerhub.hse.ie\/ga\/aistear-earcaiochta\/","og_site_name":"HSE Career Hub","twitter_card":"summary_large_image","schema":{"@context":"https:\/\/schema.org","@graph":[{"@type":"WebPage","@id":"https:\/\/careerhub.hse.ie\/ga\/aistear-earcaiochta\/","url":"https:\/\/careerhub.hse.ie\/ga\/aistear-earcaiochta\/","name":"Aistear Earca\u00edochta - HSE Career Hub","isPartOf":{"@id":"https:\/\/careerhub.hse.ie\/ga\/#website"},"datePublished":"2025-04-02T15:59:05+00:00","description":"Faigh amach faoi Aistear Earca\u00edochta FSS agus d\u00e9an ini\u00fachadh ar bhreis is 800 r\u00f3l \u00e9ags\u00fail leis an bhfost\u00f3ir c\u00faraim sl\u00e1inte is m\u00f3 in \u00c9irinn. Faigh amach faoi dheiseanna gairme, c\u00e9n chaoi iarratas a dh\u00e9anamh, agus c\u00e9n chaoi ar f\u00e9idir leatsa teacht ag obair i seirbh\u00eds sl\u00e1inte den scoth at\u00e1 tiomanta don nu\u00e1la\u00edocht, don \u00e9ags\u00falacht agus don fh\u00e1s gairmi\u00fail.","breadcrumb":{"@id":"https:\/\/careerhub.hse.ie\/ga\/aistear-earcaiochta\/#breadcrumb"},"inLanguage":"ga-IE","potentialAction":[{"@type":"ReadAction","target":["https:\/\/careerhub.hse.ie\/ga\/aistear-earcaiochta\/"]}]},{"@type":"BreadcrumbList","@id":"https:\/\/careerhub.hse.ie\/ga\/aistear-earcaiochta\/#breadcrumb","itemListElement":[{"@type":"ListItem","position":1,"name":"Home","item":"https:\/\/careerhub.hse.ie\/ga\/home-3\/"},{"@type":"ListItem","position":2,"name":"Aistear Earca\u00edochta"}]},{"@type":"WebSite","@id":"https:\/\/careerhub.hse.ie\/ga\/#website","url":"https:\/\/careerhub.hse.ie\/ga\/","name":"HSE Career Hub","description":"HSE Career Hub","publisher":{"@id":"https:\/\/careerhub.hse.ie\/ga\/#organization"},"potentialAction":[{"@type":"SearchAction","target":{"@type":"EntryPoint","urlTemplate":"https:\/\/careerhub.hse.ie\/ga\/?s={search_term_string}"},"query-input":{"@type":"PropertyValueSpecification","valueRequired":true,"valueName":"search_term_string"}}],"inLanguage":"ga-IE"},{"@type":"Organization","@id":"https:\/\/careerhub.hse.ie\/ga\/#organization","name":"HSE Career Hub","url":"https:\/\/careerhub.hse.ie\/ga\/","logo":{"@type":"ImageObject","inLanguage":"ga-IE","@id":"https:\/\/careerhub.hse.ie\/ga\/#\/schema\/logo\/image\/","url":"https:\/\/careerhub.hse.ie\/wp-content\/uploads\/2023\/03\/hse-site-logo-2021.svg","contentUrl":"https:\/\/careerhub.hse.ie\/wp-content\/uploads\/2023\/03\/hse-site-logo-2021.svg","width":75,"height":56,"caption":"HSE Career Hub"},"image":{"@id":"https:\/\/careerhub.hse.ie\/ga\/#\/schema\/logo\/image\/"}}]}},"_links":{"self":[{"href":"https:\/\/careerhub.hse.ie\/ga\/wp-json\/wp\/v2\/pages\/15160","targetHints":{"allow":["GET"]}}],"collection":[{"href":"https:\/\/careerhub.hse.ie\/ga\/wp-json\/wp\/v2\/pages"}],"about":[{"href":"https:\/\/careerhub.hse.ie\/ga\/wp-json\/wp\/v2\/types\/page"}],"author":[{"embeddable":true,"href":"https:\/\/careerhub.hse.ie\/ga\/wp-json\/wp\/v2\/users\/12"}],"replies":[{"embeddable":true,"href":"https:\/\/careerhub.hse.ie\/ga\/wp-json\/wp\/v2\/comments?post=15160"}],"version-history":[{"count":0,"href":"https:\/\/careerhub.hse.ie\/ga\/wp-json\/wp\/v2\/pages\/15160\/revisions"}],"wp:attachment":[{"href":"https:\/\/careerhub.hse.ie\/ga\/wp-json\/wp\/v2\/media?parent=15160"}],"curies":[{"name":"wp","href":"https:\/\/api.w.org\/{rel}","templated":true}]}}