{"id":15161,"date":"2025-11-24T16:34:30","date_gmt":"2025-11-24T16:34:30","guid":{"rendered":"https:\/\/careerhub.hse.ie\/filleadh-ar-eirinn\/"},"modified":"2025-11-24T16:34:30","modified_gmt":"2025-11-24T16:34:30","slug":"filleadh-ar-eirinn","status":"publish","type":"page","link":"https:\/\/careerhub.hse.ie\/ga\/filleadh-ar-eirinn\/","title":{"rendered":"Filleadh ar \u00c9irinn"},"content":{"rendered":"","protected":false},"excerpt":{"rendered":"","protected":false},"author":12,"featured_media":0,"parent":0,"menu_order":0,"comment_status":"closed","ping_status":"closed","template":"","meta":{"_acf_changed":false,"inline_featured_image":false,"footnotes":""},"class_list":["post-15161","page","type-page","status-publish","hentry"],"acf":[],"yoast_head":"<!-- This site is optimized with the Yoast SEO plugin v27.5 - https:\/\/yoast.com\/product\/yoast-seo-wordpress\/ -->\n<title>Filleadh ar \u00c9irinn - HSE Career Hub<\/title>\n<meta name=\"description\" content=\"Fiosraigh filleadh ar \u00c9irinn agus ar ghairm bheatha sa ch\u00faram sl\u00e1inte \u2014 faigh treoir phraitici\u00fail maidir le hathlonn\u00fa, cl\u00e1r\u00fa, agus c\u00fanamh airgeadais, chomh maith leis na r\u00f3il agus na taca\u00edochta\u00ed at\u00e1 ar f\u00e1il tr\u00ed Mhol Gairmeacha FSS.\" \/>\n<meta name=\"robots\" content=\"index, follow, max-snippet:-1, max-image-preview:large, max-video-preview:-1\" \/>\n<link rel=\"canonical\" href=\"https:\/\/careerhub.hse.ie\/ga\/filleadh-ar-eirinn\/\" \/>\n<meta property=\"og:locale\" content=\"ga_IE\" \/>\n<meta property=\"og:type\" content=\"article\" \/>\n<meta property=\"og:title\" content=\"Filleadh ar \u00c9irinn - HSE Career Hub\" \/>\n<meta property=\"og:description\" content=\"Fiosraigh filleadh ar \u00c9irinn agus ar ghairm bheatha sa ch\u00faram sl\u00e1inte \u2014 faigh treoir phraitici\u00fail maidir le hathlonn\u00fa, cl\u00e1r\u00fa, agus c\u00fanamh airgeadais, chomh maith leis na r\u00f3il agus na taca\u00edochta\u00ed at\u00e1 ar f\u00e1il tr\u00ed Mhol Gairmeacha FSS.\" \/>\n<meta property=\"og:url\" content=\"https:\/\/careerhub.hse.ie\/ga\/filleadh-ar-eirinn\/\" \/>\n<meta property=\"og:site_name\" content=\"HSE Career Hub\" \/>\n<meta name=\"twitter:card\" content=\"summary_large_image\" \/>\n<script type=\"application\/ld+json\" class=\"yoast-schema-graph\">{\"@context\":\"https:\\\/\\\/schema.org\",\"@graph\":[{\"@type\":\"WebPage\",\"@id\":\"https:\\\/\\\/careerhub.hse.ie\\\/ga\\\/filleadh-ar-eirinn\\\/\",\"url\":\"https:\\\/\\\/careerhub.hse.ie\\\/ga\\\/filleadh-ar-eirinn\\\/\",\"name\":\"Filleadh ar \u00c9irinn - HSE Career Hub\",\"isPartOf\":{\"@id\":\"https:\\\/\\\/careerhub.hse.ie\\\/ga\\\/#website\"},\"datePublished\":\"2025-11-24T16:34:30+00:00\",\"description\":\"Fiosraigh filleadh ar \u00c9irinn agus ar ghairm bheatha sa ch\u00faram sl\u00e1inte \u2014 faigh treoir phraitici\u00fail maidir le hathlonn\u00fa, cl\u00e1r\u00fa, agus c\u00fanamh airgeadais, chomh maith leis na r\u00f3il agus na taca\u00edochta\u00ed at\u00e1 ar f\u00e1il tr\u00ed Mhol Gairmeacha FSS.\",\"breadcrumb\":{\"@id\":\"https:\\\/\\\/careerhub.hse.ie\\\/ga\\\/filleadh-ar-eirinn\\\/#breadcrumb\"},\"inLanguage\":\"ga-IE\",\"potentialAction\":[{\"@type\":\"ReadAction\",\"target\":[\"https:\\\/\\\/careerhub.hse.ie\\\/ga\\\/filleadh-ar-eirinn\\\/\"]}]},{\"@type\":\"BreadcrumbList\",\"@id\":\"https:\\\/\\\/careerhub.hse.ie\\\/ga\\\/filleadh-ar-eirinn\\\/#breadcrumb\",\"itemListElement\":[{\"@type\":\"ListItem\",\"position\":1,\"name\":\"Home\",\"item\":\"https:\\\/\\\/careerhub.hse.ie\\\/ga\\\/home-3\\\/\"},{\"@type\":\"ListItem\",\"position\":2,\"name\":\"Filleadh ar \u00c9irinn\"}]},{\"@type\":\"WebSite\",\"@id\":\"https:\\\/\\\/careerhub.hse.ie\\\/ga\\\/#website\",\"url\":\"https:\\\/\\\/careerhub.hse.ie\\\/ga\\\/\",\"name\":\"HSE Career Hub\",\"description\":\"HSE Career Hub\",\"publisher\":{\"@id\":\"https:\\\/\\\/careerhub.hse.ie\\\/ga\\\/#organization\"},\"potentialAction\":[{\"@type\":\"SearchAction\",\"target\":{\"@type\":\"EntryPoint\",\"urlTemplate\":\"https:\\\/\\\/careerhub.hse.ie\\\/ga\\\/?s={search_term_string}\"},\"query-input\":{\"@type\":\"PropertyValueSpecification\",\"valueRequired\":true,\"valueName\":\"search_term_string\"}}],\"inLanguage\":\"ga-IE\"},{\"@type\":\"Organization\",\"@id\":\"https:\\\/\\\/careerhub.hse.ie\\\/ga\\\/#organization\",\"name\":\"HSE Career Hub\",\"url\":\"https:\\\/\\\/careerhub.hse.ie\\\/ga\\\/\",\"logo\":{\"@type\":\"ImageObject\",\"inLanguage\":\"ga-IE\",\"@id\":\"https:\\\/\\\/careerhub.hse.ie\\\/ga\\\/#\\\/schema\\\/logo\\\/image\\\/\",\"url\":\"https:\\\/\\\/careerhub.hse.ie\\\/wp-content\\\/uploads\\\/2023\\\/03\\\/hse-site-logo-2021.svg\",\"contentUrl\":\"https:\\\/\\\/careerhub.hse.ie\\\/wp-content\\\/uploads\\\/2023\\\/03\\\/hse-site-logo-2021.svg\",\"width\":75,\"height\":56,\"caption\":\"HSE Career Hub\"},\"image\":{\"@id\":\"https:\\\/\\\/careerhub.hse.ie\\\/ga\\\/#\\\/schema\\\/logo\\\/image\\\/\"}}]}<\/script>\n<!-- \/ Yoast SEO plugin. -->","yoast_head_json":{"title":"Filleadh ar \u00c9irinn - HSE Career Hub","description":"Fiosraigh filleadh ar \u00c9irinn agus ar ghairm bheatha sa ch\u00faram sl\u00e1inte \u2014 faigh treoir phraitici\u00fail maidir le hathlonn\u00fa, cl\u00e1r\u00fa, agus c\u00fanamh airgeadais, chomh maith leis na r\u00f3il agus na taca\u00edochta\u00ed at\u00e1 ar f\u00e1il tr\u00ed Mhol Gairmeacha FSS.","robots":{"index":"index","follow":"follow","max-snippet":"max-snippet:-1","max-image-preview":"max-image-preview:large","max-video-preview":"max-video-preview:-1"},"canonical":"https:\/\/careerhub.hse.ie\/ga\/filleadh-ar-eirinn\/","og_locale":"ga_IE","og_type":"article","og_title":"Filleadh ar \u00c9irinn - HSE Career Hub","og_description":"Fiosraigh filleadh ar \u00c9irinn agus ar ghairm bheatha sa ch\u00faram sl\u00e1inte \u2014 faigh treoir phraitici\u00fail maidir le hathlonn\u00fa, cl\u00e1r\u00fa, agus c\u00fanamh airgeadais, chomh maith leis na r\u00f3il agus na taca\u00edochta\u00ed at\u00e1 ar f\u00e1il tr\u00ed Mhol Gairmeacha FSS.","og_url":"https:\/\/careerhub.hse.ie\/ga\/filleadh-ar-eirinn\/","og_site_name":"HSE Career Hub","twitter_card":"summary_large_image","schema":{"@context":"https:\/\/schema.org","@graph":[{"@type":"WebPage","@id":"https:\/\/careerhub.hse.ie\/ga\/filleadh-ar-eirinn\/","url":"https:\/\/careerhub.hse.ie\/ga\/filleadh-ar-eirinn\/","name":"Filleadh ar \u00c9irinn - HSE Career Hub","isPartOf":{"@id":"https:\/\/careerhub.hse.ie\/ga\/#website"},"datePublished":"2025-11-24T16:34:30+00:00","description":"Fiosraigh filleadh ar \u00c9irinn agus ar ghairm bheatha sa ch\u00faram sl\u00e1inte \u2014 faigh treoir phraitici\u00fail maidir le hathlonn\u00fa, cl\u00e1r\u00fa, agus c\u00fanamh airgeadais, chomh maith leis na r\u00f3il agus na taca\u00edochta\u00ed at\u00e1 ar f\u00e1il tr\u00ed Mhol Gairmeacha FSS.","breadcrumb":{"@id":"https:\/\/careerhub.hse.ie\/ga\/filleadh-ar-eirinn\/#breadcrumb"},"inLanguage":"ga-IE","potentialAction":[{"@type":"ReadAction","target":["https:\/\/careerhub.hse.ie\/ga\/filleadh-ar-eirinn\/"]}]},{"@type":"BreadcrumbList","@id":"https:\/\/careerhub.hse.ie\/ga\/filleadh-ar-eirinn\/#breadcrumb","itemListElement":[{"@type":"ListItem","position":1,"name":"Home","item":"https:\/\/careerhub.hse.ie\/ga\/home-3\/"},{"@type":"ListItem","position":2,"name":"Filleadh ar \u00c9irinn"}]},{"@type":"WebSite","@id":"https:\/\/careerhub.hse.ie\/ga\/#website","url":"https:\/\/careerhub.hse.ie\/ga\/","name":"HSE Career Hub","description":"HSE Career Hub","publisher":{"@id":"https:\/\/careerhub.hse.ie\/ga\/#organization"},"potentialAction":[{"@type":"SearchAction","target":{"@type":"EntryPoint","urlTemplate":"https:\/\/careerhub.hse.ie\/ga\/?s={search_term_string}"},"query-input":{"@type":"PropertyValueSpecification","valueRequired":true,"valueName":"search_term_string"}}],"inLanguage":"ga-IE"},{"@type":"Organization","@id":"https:\/\/careerhub.hse.ie\/ga\/#organization","name":"HSE Career Hub","url":"https:\/\/careerhub.hse.ie\/ga\/","logo":{"@type":"ImageObject","inLanguage":"ga-IE","@id":"https:\/\/careerhub.hse.ie\/ga\/#\/schema\/logo\/image\/","url":"https:\/\/careerhub.hse.ie\/wp-content\/uploads\/2023\/03\/hse-site-logo-2021.svg","contentUrl":"https:\/\/careerhub.hse.ie\/wp-content\/uploads\/2023\/03\/hse-site-logo-2021.svg","width":75,"height":56,"caption":"HSE Career Hub"},"image":{"@id":"https:\/\/careerhub.hse.ie\/ga\/#\/schema\/logo\/image\/"}}]}},"_links":{"self":[{"href":"https:\/\/careerhub.hse.ie\/ga\/wp-json\/wp\/v2\/pages\/15161","targetHints":{"allow":["GET"]}}],"collection":[{"href":"https:\/\/careerhub.hse.ie\/ga\/wp-json\/wp\/v2\/pages"}],"about":[{"href":"https:\/\/careerhub.hse.ie\/ga\/wp-json\/wp\/v2\/types\/page"}],"author":[{"embeddable":true,"href":"https:\/\/careerhub.hse.ie\/ga\/wp-json\/wp\/v2\/users\/12"}],"replies":[{"embeddable":true,"href":"https:\/\/careerhub.hse.ie\/ga\/wp-json\/wp\/v2\/comments?post=15161"}],"version-history":[{"count":0,"href":"https:\/\/careerhub.hse.ie\/ga\/wp-json\/wp\/v2\/pages\/15161\/revisions"}],"wp:attachment":[{"href":"https:\/\/careerhub.hse.ie\/ga\/wp-json\/wp\/v2\/media?parent=15161"}],"curies":[{"name":"wp","href":"https:\/\/api.w.org\/{rel}","templated":true}]}}